{"id":884,"date":"2019-09-11T13:42:39","date_gmt":"2019-09-11T13:42:39","guid":{"rendered":"https:\/\/grandprix.qodeinteractive.com\/?page_id=884"},"modified":"2021-04-29T17:30:03","modified_gmt":"2021-04-29T20:30:03","slug":"beneficios","status":"publish","type":"page","link":"https:\/\/dcsp.com.br\/index.php\/beneficios\/","title":{"rendered":"Benef\u00edcios"},"content":{"rendered":"<p>[vc_row row_content_width=&#8221;grid&#8221; disable_background_image=&#8221;&#8221; vertical_lines=&#8221;yes&#8221;][vc_column css=&#8221;.vc_custom_1567435453944{padding-top: 124px !important;padding-bottom: 129px !important;}&#8221;]<div class=\"mkdf-section-title-holder  mkdf-st-split  mkdf-has-appear-animation\" style=\"padding: 0 10%\">\n\t<div class=\"mkdf-st-inner\">\n\t\t\t<span class=\"mkdf-st-tagline\" >\n\t\t\tDCSP\t\t<\/span>\n\t\t\t\t\t\t<h2 class=\"mkdf-st-title\" >\n\t\t\t\t\t\t\t\t\t<span class=\"mkdf-sts-title-text\">Fa\u00e7a parte do DUCATI CLUBE DE S\u00c3O PAULO<\/span>\n\t\t\t\t\t<span class=\"mkdf-sts-separator\" ><\/span>\n\t\t\t\t\t\t\t<\/h2>\n\t\t\t\t\t\t\t<\/div>\n<\/div>[\/vc_column][\/vc_row][vc_row row_content_width=&#8221;grid&#8221; disable_background_image=&#8221;&#8221; vertical_lines=&#8221;yes&#8221;][vc_column width=&#8221;1\/3&#8243;][vc_empty_space height=&#8221;125px&#8221;][vc_single_image image=&#8221;3063&#8243; img_size=&#8221;full&#8221;][\/vc_column][vc_column width=&#8221;1\/3&#8243; css=&#8221;.vc_custom_1567435453944{padding-top: 124px !important;padding-bottom: 129px !important;}&#8221;]<div class=\"mkdf-pricing-tables mkdf-grid-list mkdf-disable-bottom-space clearfix mkdf-one-columns mkdf-normal-space\"><div class=\"mkdf-pt-wrapper mkdf-outer-space\"><div class=\"mkdf-price-table mkdf-item-space  mkdf-pt-active-item\">\n\t<div class=\"mkdf-pt-inner\" >\n\t\t<ul>\n\t\t\t<li class=\"mkdf-pt-title-holder\">\n\t\t\t\t<span class=\"mkdf-pt-tagline\">Anuidade<\/span>\n\t\t\t\t<span class=\"mkdf-pt-title\" >Ducati Clube S\u00e3o Paulo<\/span>\n\t\t\t<\/li>\n\t\t\t<li class=\"mkdf-pt-prices\">\n\t\t\t\t<sup class=\"mkdf-pt-value\" >$<\/sup>\n\t\t\t\t<span class=\"mkdf-pt-price\" >DCSP<\/span>\n\t\t\t\t\t\t\t<\/li>\n\t\t\t<li class=\"mkdf-pt-content\">\n\t\t\t\t    <span class=\"mkdf-icon-shortcode mkdf-normal   \"  data-color=\"#ed1d24\">\n                    <span aria-hidden=\"true\" class=\"mkdf-icon-font-elegant icon_check mkdf-icon-element\" style=\"color: #ed1d24\" ><\/span>            <\/span>\n Welcome Kit Anual Internacional<br \/>\n    <span class=\"mkdf-icon-shortcode mkdf-normal   \"  data-color=\"#ed1d24\">\n                    <span aria-hidden=\"true\" class=\"mkdf-icon-font-elegant icon_check mkdf-icon-element\" style=\"color: #ed1d24\" ><\/span>            <\/span>\n Sorteios e promo\u00e7\u00f5es exclusivas atrav\u00e9s das m\u00eddias sociais<br \/>\n    <span class=\"mkdf-icon-shortcode mkdf-normal   \"  data-color=\"#ed1d24\">\n                    <span aria-hidden=\"true\" class=\"mkdf-icon-font-elegant icon_check mkdf-icon-element\" style=\"color: #ed1d24\" ><\/span>            <\/span>\n Desconto nos cursos oficiais (daria para fazer uma men\u00e7\u00e3o que s\u00f3 o desconto pagaria anuidade)<br \/>\n    <span class=\"mkdf-icon-shortcode mkdf-normal   \"  data-color=\"#ed1d24\">\n                    <span aria-hidden=\"true\" class=\"mkdf-icon-font-elegant icon_check mkdf-icon-element\" style=\"color: #ed1d24\" ><\/span>            <\/span>\n Desconto nos cursos de manuten\u00e7\u00e3o<br \/>\n    <span class=\"mkdf-icon-shortcode mkdf-normal   \"  data-color=\"#ed1d24\">\n                    <span aria-hidden=\"true\" class=\"mkdf-icon-font-elegant icon_check mkdf-icon-element\" style=\"color: #ed1d24\" ><\/span>            <\/span>\n Desconto e\/ou isen\u00e7\u00e3o nos eventos oficias do clube<br \/>\n    <span class=\"mkdf-icon-shortcode mkdf-normal   \"  data-color=\"#ed1d24\">\n                    <span aria-hidden=\"true\" class=\"mkdf-icon-font-elegant icon_check mkdf-icon-element\" style=\"color: #ed1d24\" ><\/span>            <\/span>\n Isen\u00e7\u00e3o na visita do Museu<br \/>\n    <span class=\"mkdf-icon-shortcode mkdf-normal   \"  data-color=\"#ed1d24\">\n                    <span aria-hidden=\"true\" class=\"mkdf-icon-font-elegant icon_check mkdf-icon-element\" style=\"color: #ed1d24\" ><\/span>            <\/span>\n Isen\u00e7\u00e3o no WDW<\/p>\n<p>Saiba que o Ducati Clube de S\u00e3o Paulo tem parcerias com os concession\u00e1rios da rede DUCATI em especial Ducati S\u00e3o Paulo, que oferece descontos em:<br \/>\n    <span class=\"mkdf-icon-shortcode mkdf-normal   \"  data-color=\"#ed1d24\">\n                    <span aria-hidden=\"true\" class=\"mkdf-icon-font-elegant icon_check mkdf-icon-element\" style=\"color: #ed1d24\" ><\/span>            <\/span>\n 10% em pe\u00e7as<br \/>\n    <span class=\"mkdf-icon-shortcode mkdf-normal   \"  data-color=\"#ed1d24\">\n                    <span aria-hidden=\"true\" class=\"mkdf-icon-font-elegant icon_check mkdf-icon-element\" style=\"color: #ed1d24\" ><\/span>            <\/span>\n 5% em servi\u00e7os<\/p>\n<p>&nbsp;<\/p>\n<p>    <span class=\"mkdf-icon-shortcode mkdf-normal   \"  data-color=\"#ed1d24\">\n                    <span aria-hidden=\"true\" class=\"mkdf-icon-font-elegant icon_check mkdf-icon-element\" style=\"color: #ed1d24\" ><\/span>            <\/span>\n DRE Safety ou Racetrack (EVO): 20% de desconto na aquisi\u00e7\u00e3o de qualquer curso ministrado na plataforma DRE.<br \/>\n    <span class=\"mkdf-icon-shortcode mkdf-normal   \"  data-color=\"#ed1d24\">\n                    <span aria-hidden=\"true\" class=\"mkdf-icon-font-elegant icon_check mkdf-icon-element\" style=\"color: #ed1d24\" ><\/span>            <\/span>\n Descontos em bares, restaurantes, hot\u00e9is, loja de pe\u00e7as, lojinha virtual do DCSP<br \/>\n    <span class=\"mkdf-icon-shortcode mkdf-normal   \"  data-color=\"#ed1d24\">\n                    <span aria-hidden=\"true\" class=\"mkdf-icon-font-elegant icon_check mkdf-icon-element\" style=\"color: #ed1d24\" ><\/span>            <\/span>\n Cursos ou Cl\u00ednicas de pilotagem MotorsCo: 15% de desconto para propriet\u00e1rios de motocicletas Ducati e 25% de desconto paras membros do Ducati Clube de S\u00e3o Paulo.\t\t\t<\/li>\n\t\t\t\t\t\t\t<li class=\"mkdf-pt-button\">\n\t\t\t\t\t<a itemprop=\"url\" href=\"https:\/\/dcsp.com.br\/index.php\/2021\/04\/29\/myducati\/\" target=\"_self\"  class=\"mkdf-btn mkdf-btn-large mkdf-btn-predefined\"  >            <span class=\"mkdf-btn-predefined-line-holder\">            <span class=\"mkdf-btn-line-hidden\"><\/span>            <span class=\"mkdf-btn-text\">Fa\u00e7a Parte<\/span>\t        <span class=\"mkdf-btn-line\"><\/span>            <i class=\"mkdf-btn-predefined-icon mkdf-icon-ion-icon ion-ios-play \"><\/i>        <\/span>    <\/a>\t\t\t\t<\/li>\t\t\t\t\n\t\t\t\t\t<\/ul>\n\t<\/div>\n<\/div><\/div><\/div>[\/vc_column][vc_column width=&#8221;1\/3&#8243;][vc_empty_space height=&#8221;125px&#8221;][vc_single_image image=&#8221;3062&#8243; img_size=&#8221;full&#8221;][\/vc_column][\/vc_row]<\/p>\n","protected":false},"excerpt":{"rendered":"<p> [&hellip;]<\/p>\n","protected":false},"author":1,"featured_media":0,"parent":0,"menu_order":0,"comment_status":"closed","ping_status":"closed","template":"full-width.php","meta":[],"_links":{"self":[{"href":"https:\/\/dcsp.com.br\/index.php\/wp-json\/wp\/v2\/pages\/884"}],"collection":[{"href":"https:\/\/dcsp.com.br\/index.php\/wp-json\/wp\/v2\/pages"}],"about":[{"href":"https:\/\/dcsp.com.br\/index.php\/wp-json\/wp\/v2\/types\/page"}],"author":[{"embeddable":true,"href":"https:\/\/dcsp.com.br\/index.php\/wp-json\/wp\/v2\/users\/1"}],"replies":[{"embeddable":true,"href":"https:\/\/dcsp.com.br\/index.php\/wp-json\/wp\/v2\/comments?post=884"}],"version-history":[{"count":18,"href":"https:\/\/dcsp.com.br\/index.php\/wp-json\/wp\/v2\/pages\/884\/revisions"}],"predecessor-version":[{"id":3123,"href":"https:\/\/dcsp.com.br\/index.php\/wp-json\/wp\/v2\/pages\/884\/revisions\/3123"}],"wp:attachment":[{"href":"https:\/\/dcsp.com.br\/index.php\/wp-json\/wp\/v2\/media?parent=884"}],"curies":[{"name":"wp","href":"https:\/\/api.w.org\/{rel}","templated":true}]}}