{"id":865,"date":"2019-09-11T13:03:16","date_gmt":"2019-09-11T13:03:16","guid":{"rendered":"https:\/\/grandprix.qodeinteractive.com\/?page_id=865"},"modified":"2021-08-03T10:01:48","modified_gmt":"2021-08-03T13:01:48","slug":"sobre","status":"publish","type":"page","link":"https:\/\/dcsp.com.br\/index.php\/sobre\/","title":{"rendered":"Sobre N\u00f3s"},"content":{"rendered":"<p>[vc_row row_content_width=&#8221;grid&#8221; disable_background_image=&#8221;&#8221; vertical_lines=&#8221;yes&#8221; css=&#8221;.vc_custom_1568362251225{padding-top: 124px !important;padding-bottom: 82px !important;}&#8221;][vc_column el_id=&#8221;sobre&#8221;][vc_row_inner row_content_width=&#8221;grid&#8221;][vc_column_inner]<div class=\"mkdf-section-title-holder  mkdf-st-split  mkdf-has-appear-animation\" >\n\t<div class=\"mkdf-st-inner\">\n\t\t\t<span class=\"mkdf-st-tagline\" >\n\t\t\tDCSP\t\t<\/span>\n\t\t\t\t\t\t<h2 class=\"mkdf-st-title\" >\n\t\t\t\t\t\t\t\t\t<span class=\"mkdf-sts-title-text\">Ducati Clube<br \/> S\u00e3o Paulo<\/span>\n\t\t\t\t\t<span class=\"mkdf-sts-separator\" ><\/span>\n\t\t\t\t\t\t\t<\/h2>\n\t\t\t\t\t\t\t<\/div>\n<\/div>[vc_empty_space height=&#8221;69px&#8221;][\/vc_column_inner][\/vc_row_inner][vc_row_inner row_content_width=&#8221;grid&#8221; content_text_aligment=&#8221;left&#8221;][vc_column_inner width=&#8221;1\/2&#8243; offset=&#8221;vc_col-lg-3 vc_col-md-6 vc_col-xs-12&#8243;]<div class=\"mkdf-iwt clearfix  mkdf-iwt-icon-top mkdf-iwt-icon-medium mkdf-has-appear-animation\">\n\t\t\t\t\t\t<div class=\"mkdf-iwt-icon\">\n\t\t\t\t\t\t\t\t\t\t\t\t\t\t\t<img width=\"95\" height=\"95\" src=\"https:\/\/dcsp.com.br\/wp-content\/uploads\/2021\/04\/ico-1.png\" class=\"attachment-full size-full\" alt=\"\" loading=\"lazy\" \/>\t\t\t\t\t\n\t\t\t\t\t\t\t\t<\/div>\n\t\t\t<div class=\"mkdf-iwt-content\" >\n\t\t\t\t\t\t\t\t<h4 class=\"mkdf-iwt-title\" style=\"margin-top: 1px\">\n\t\t\t\t\t<span class=\"mkdf-iwt-title-text\">Nosso Clube<\/span>\n\t\t\t<\/h4>\n\t\t\t\t\t\t\t\t\t<p class=\"mkdf-iwt-text\" >Para propriet\u00e1rios e simpatizantes (com crit\u00e9rios de admiss\u00e3o) da Ducati, e outras motos com motores desmodr\u00f4micos.<\/p>\n\t\t\t\t\t<\/div>\n\t\t\t<\/div>\n[vc_empty_space height=&#8221;40px&#8221;][\/vc_column_inner][vc_column_inner width=&#8221;1\/2&#8243; offset=&#8221;vc_col-lg-3 vc_col-md-6 vc_col-xs-12&#8243;]<div class=\"mkdf-iwt clearfix  mkdf-iwt-icon-top mkdf-iwt-icon-medium mkdf-has-appear-animation\">\n\t\t\t<a itemprop=\"url\" href=\"#\" target=\"_self\" >\n\t\t\t\t\t\t<div class=\"mkdf-iwt-icon\">\n\t\t\t\t\t\t\t\t\t\t\t\t\t\t\t<img width=\"95\" height=\"95\" src=\"https:\/\/dcsp.com.br\/wp-content\/uploads\/2021\/04\/ico-2.png\" class=\"attachment-full size-full\" alt=\"\" loading=\"lazy\" \/>\t\t\t\t\t\n\t\t\t\t\t\t\t\t<\/div>\n\t\t\t<div class=\"mkdf-iwt-content\" >\n\t\t\t\t\t\t\t\t<h4 class=\"mkdf-iwt-title\" >\n\t\t\t\t\t<span class=\"mkdf-iwt-title-text\">DOC<\/span>\n\t\t\t<\/h4>\n\t\t\t\t\t\t\t\t\t<p class=\"mkdf-iwt-text\" >O mundo do DOC (Desmo Owners Club) \u00e9 a melhor maneira de voc\u00ea aproveitar a excita\u00e7\u00e3o que voc\u00ea tem de sua Ducati.<\/p>\n\t\t\t\t\t<\/div>\n\t\t\t\t\t<\/a>\n<\/div>\n[vc_empty_space height=&#8221;40px&#8221;][\/vc_column_inner][vc_column_inner width=&#8221;1\/2&#8243; offset=&#8221;vc_col-lg-3 vc_col-md-6 vc_col-xs-12&#8243;]<div class=\"mkdf-iwt clearfix  mkdf-iwt-icon-top mkdf-iwt-icon-medium mkdf-has-appear-animation\">\n\t\t\t<a itemprop=\"url\" href=\"#\" target=\"_self\" >\n\t\t\t\t\t\t<div class=\"mkdf-iwt-icon\">\n\t\t\t\t\t\t\t\t\t\t\t\t\t\t\t<img width=\"95\" height=\"95\" src=\"https:\/\/dcsp.com.br\/wp-content\/uploads\/2021\/04\/ico-3.png\" class=\"attachment-full size-full\" alt=\"\" loading=\"lazy\" \/>\t\t\t\t\t\n\t\t\t\t\t\t\t\t<\/div>\n\t\t\t<div class=\"mkdf-iwt-content\" >\n\t\t\t\t\t\t\t\t<h4 class=\"mkdf-iwt-title\" style=\"margin-top: 12px\">\n\t\t\t\t\t<span class=\"mkdf-iwt-title-text\">Compartilhe sua Paix\u00e3o<\/span>\n\t\t\t<\/h4>\n\t\t\t\t\t\t\t\t\t<p class=\"mkdf-iwt-text\" >Atrav\u00e9s dos Clubes Oficiais, voc\u00ea encontrar\u00e1 pessoas que compartilham sua paix\u00e3o Desmodr\u00f4mica<\/p>\n\t\t\t\t\t<\/div>\n\t\t\t\t\t<\/a>\n<\/div>\n[vc_empty_space height=&#8221;40px&#8221;][\/vc_column_inner][vc_column_inner width=&#8221;1\/2&#8243; offset=&#8221;vc_col-lg-3 vc_col-md-6 vc_col-xs-12&#8243;]<div class=\"mkdf-iwt clearfix  mkdf-iwt-icon-top mkdf-iwt-icon-medium mkdf-has-appear-animation\">\n\t\t\t\t\t\t<div class=\"mkdf-iwt-icon\">\n\t\t\t\t\t\t\t\t\t\t\t\t\t\t\t<img width=\"95\" height=\"95\" src=\"https:\/\/dcsp.com.br\/wp-content\/uploads\/2021\/04\/ico-4.png\" class=\"attachment-full size-full\" alt=\"\" loading=\"lazy\" \/>\t\t\t\t\t\n\t\t\t\t\t\t\t\t<\/div>\n\t\t\t<div class=\"mkdf-iwt-content\" >\n\t\t\t\t\t\t\t\t<h4 class=\"mkdf-iwt-title\" style=\"margin-top: 3px\">\n\t\t\t\t\t<span class=\"mkdf-iwt-title-text\">Seguran\u00e7a<\/span>\n\t\t\t<\/h4>\n\t\t\t\t\t\t\t\t\t<p class=\"mkdf-iwt-text\" >E estar\u00e1 seguro que, em qualquer lugar do mundo que suas viagens te levarem, sempre ter\u00e1 um amigo para te receber.<\/p>\n\t\t\t\t\t<\/div>\n\t\t\t<\/div>\n[vc_empty_space height=&#8221;40px&#8221;][\/vc_column_inner][\/vc_row_inner][vc_row_inner row_content_width=&#8221;grid&#8221; content_text_aligment=&#8221;left&#8221;][vc_column_inner width=&#8221;1\/2&#8243; offset=&#8221;vc_col-lg-3 vc_col-md-6 vc_col-xs-12&#8243;]<div class=\"mkdf-iwt clearfix  mkdf-iwt-icon-top mkdf-iwt-icon-medium mkdf-has-appear-animation\">\n\t\t\t\t\t\t<div class=\"mkdf-iwt-icon\">\n\t\t\t\t\t\t\t\t\t\t\t\t\t\t\t<img width=\"95\" height=\"95\" src=\"https:\/\/dcsp.com.br\/wp-content\/uploads\/2021\/04\/ico-5.png\" class=\"attachment-full size-full\" alt=\"\" loading=\"lazy\" \/>\t\t\t\t\t\n\t\t\t\t\t\t\t\t<\/div>\n\t\t\t<div class=\"mkdf-iwt-content\" >\n\t\t\t\t\t\t\t\t<h4 class=\"mkdf-iwt-title\" style=\"margin-top: 1px\">\n\t\t\t\t\t<span class=\"mkdf-iwt-title-text\">Mundo DOC<\/span>\n\t\t\t<\/h4>\n\t\t\t\t\t\t\t\t\t<p class=\"mkdf-iwt-text\" >J\u00e1 existem mais de 300 clubes ao redor do mundo, e os membros DOC recebem tratamento especial em todos os eventos Ducati.<\/p>\n\t\t\t\t\t<\/div>\n\t\t\t<\/div>\n[vc_empty_space height=&#8221;40px&#8221;][\/vc_column_inner][vc_column_inner width=&#8221;1\/2&#8243; offset=&#8221;vc_col-lg-3 vc_col-md-6 vc_col-xs-12&#8243;]<div class=\"mkdf-iwt clearfix  mkdf-iwt-icon-top mkdf-iwt-icon-medium mkdf-has-appear-animation\">\n\t\t\t<a itemprop=\"url\" href=\"#\" target=\"_self\" >\n\t\t\t\t\t\t<div class=\"mkdf-iwt-icon\">\n\t\t\t\t\t\t\t\t\t\t\t\t\t\t\t<img width=\"95\" height=\"95\" src=\"https:\/\/dcsp.com.br\/wp-content\/uploads\/2021\/04\/ico-6.png\" class=\"attachment-full size-full\" alt=\"\" loading=\"lazy\" \/>\t\t\t\t\t\n\t\t\t\t\t\t\t\t<\/div>\n\t\t\t<div class=\"mkdf-iwt-content\" >\n\t\t\t\t\t\t\t\t<h4 class=\"mkdf-iwt-title\" >\n\t\t\t\t\t<span class=\"mkdf-iwt-title-text\">Benef\u00edcios<\/span>\n\t\t\t<\/h4>\n\t\t\t\t\t\t\t\t\t<p class=\"mkdf-iwt-text\" >E tem o benef\u00edcio de visitas exclusivas \u00e0 fabrica e ao museu.<\/p>\n\t\t\t\t\t<\/div>\n\t\t\t\t\t<\/a>\n<\/div>\n[vc_empty_space height=&#8221;40px&#8221;][\/vc_column_inner][vc_column_inner width=&#8221;1\/2&#8243; offset=&#8221;vc_col-lg-3 vc_col-md-6 vc_col-xs-12&#8243;]<div class=\"mkdf-iwt clearfix  mkdf-iwt-icon-top mkdf-iwt-icon-medium mkdf-has-appear-animation\">\n\t\t\t\t\t\t<div class=\"mkdf-iwt-icon\">\n\t\t\t\t\t\t\t\t\t\t\t\t\t\t\t<img width=\"95\" height=\"95\" src=\"https:\/\/dcsp.com.br\/wp-content\/uploads\/2021\/04\/ico-8.png\" class=\"attachment-full size-full\" alt=\"\" loading=\"lazy\" \/>\t\t\t\t\t\n\t\t\t\t\t\t\t\t<\/div>\n\t\t\t<div class=\"mkdf-iwt-content\" >\n\t\t\t\t\t\t\t\t<h4 class=\"mkdf-iwt-title\" style=\"margin-top: 12px\">\n\t\t\t\t\t<span class=\"mkdf-iwt-title-text\">Fa\u00e7a Parte<\/span>\n\t\t\t<\/h4>\n\t\t\t\t\t\t\t\t\t<p class=\"mkdf-iwt-text\" >Fa\u00e7a parte do DUCATI CLUBE DE S\u00c3O PAULO,<\/p>\n\t\t\t\t\t<\/div>\n\t\t\t<\/div>\n[vc_empty_space height=&#8221;40px&#8221;][\/vc_column_inner][vc_column_inner width=&#8221;1\/2&#8243; offset=&#8221;vc_col-lg-3 vc_col-md-6 vc_col-xs-12&#8243;]<div class=\"mkdf-iwt clearfix  mkdf-iwt-icon-top mkdf-iwt-icon-medium mkdf-has-appear-animation\">\n\t\t\t\t\t\t<div class=\"mkdf-iwt-icon\">\n\t\t\t\t\t\t\t\t\t\t\t\t\t\t\t<img width=\"95\" height=\"95\" src=\"https:\/\/dcsp.com.br\/wp-content\/uploads\/2021\/04\/ico-1.png\" class=\"attachment-full size-full\" alt=\"\" loading=\"lazy\" \/>\t\t\t\t\t\n\t\t\t\t\t\t\t\t<\/div>\n\t\t\t<div class=\"mkdf-iwt-content\" >\n\t\t\t\t\t\t\t\t<h4 class=\"mkdf-iwt-title\" style=\"margin-top: 3px\">\n\t\t\t\t\t<span class=\"mkdf-iwt-title-text\">DCSP<\/span>\n\t\t\t<\/h4>\n\t\t\t\t\t\t\t\t\t<p class=\"mkdf-iwt-text\" >voc\u00ea poder\u00e1 participar dos eventos organizados pelo clube, como encontros e passeios de moto, reuni\u00f5es, track-days, viagens e muito mais.<\/p>\n\t\t\t\t\t<\/div>\n\t\t\t<\/div>\n[vc_empty_space height=&#8221;40px&#8221;][\/vc_column_inner][\/vc_row_inner][\/vc_column][\/vc_row][vc_row row_content_width=&#8221;grid&#8221; disable_background_image=&#8221;&#8221; vertical_lines=&#8221;yes&#8221; css=&#8221;.vc_custom_1568362152277{padding-top: 124px !important;padding-bottom: 120px !important;}&#8221;][vc_column]<div class=\"mkdf-section-title-holder  mkdf-st-split  mkdf-has-appear-animation\" style=\"padding: 0 10%\">\n\t<div class=\"mkdf-st-inner\">\n\t\t\t<span class=\"mkdf-st-tagline\" >\n\t\t\tDCSP\t\t<\/span>\n\t\t\t\t\t\t<h2 class=\"mkdf-st-title\" >\n\t\t\t\t\t\t\t\t\t<span class=\"mkdf-sts-title-text\">O mais antigo, primeiro e maior<\/span>\n\t\t\t\t\t<span class=\"mkdf-sts-separator\" ><\/span>\n\t\t\t\t\t\t\t<\/h2>\n\t\t\t\t\t\t\t<\/div>\n<\/div>[\/vc_column][\/vc_row][vc_row row_content_width=&#8221;grid&#8221; disable_background_image=&#8221;&#8221; vertical_lines=&#8221;yes&#8221; css=&#8221;.vc_custom_1617903161977{padding-top: 124px !important;padding-bottom: 72px !important;}&#8221; el_id=&#8221;time&#8221;][vc_column]<div class=\"mkdf-section-title-holder  mkdf-st-split  mkdf-has-appear-animation\" style=\"padding: 0 10%\">\n\t<div class=\"mkdf-st-inner\">\n\t\t\t<span class=\"mkdf-st-tagline\" >\n\t\t\tDCSP\t\t<\/span>\n\t\t\t\t\t\t<h2 class=\"mkdf-st-title\" >\n\t\t\t\t\t\t\t\t\t<span class=\"mkdf-sts-title-text\">Nosso Time<\/span>\n\t\t\t\t\t<span class=\"mkdf-sts-separator\" ><\/span>\n\t\t\t\t\t\t\t<\/h2>\n\t\t\t\t\t\t\t<\/div>\n<\/div>[vc_empty_space height=&#8221;70px&#8221;][vc_row_inner row_content_width=&#8221;grid&#8221;][vc_column_inner width=&#8221;1\/6&#8243; offset=&#8221;vc_col-lg-2 vc_col-md-1&#8243;]<div class=\"mkdf-team-holder mkdf-team-info-below-image\">\n\t<div class=\"mkdf-team-inner\">\n\t\t\t\t\t<div class=\"mkdf-team-image\">\n                <img width=\"600\" height=\"819\" src=\"https:\/\/dcsp.com.br\/wp-content\/uploads\/2021\/05\/02.jpg\" class=\"attachment-full size-full\" alt=\"\" loading=\"lazy\" srcset=\"https:\/\/dcsp.com.br\/wp-content\/uploads\/2021\/05\/02.jpg 600w, https:\/\/dcsp.com.br\/wp-content\/uploads\/2021\/05\/02-220x300.jpg 220w\" sizes=\"(max-width: 600px) 100vw, 600px\" \/>\t\t\t\t\t\t\t<\/div>\n\t\t\t\t<div class=\"mkdf-team-info\">\n\t\t\t\t\t\t\t<h6 class=\"mkdf-team-position\" style=\"color: #ed1d24\">Presidente<\/h6>\n\t\t\t\t\t\t\t\t\t\t<h4 class=\"mkdf-team-name\" style=\"color: #000000\">Halex Amorim<\/h4>\n\t\t\t\t\t\t\t\t\t\t\t\t\t\t\t\t<div class=\"mkdf-team-textual-social-holder\">\n\t\t\t\t\t\t\t\t\t\t\t<a class=\"mkdf-team-icon\" href=\"https:\/\/www.facebook.com\/halex.amorim\"  target=\"_blank\">FB<\/a>\n\t\t\t\t\t\t\t\t\t\t\t\t\t\t\t\t\t\t\t\t\t\t\t\t\t\t\t\t\t<\/div>\n\t\t\t\t\t<\/div>\n\t<\/div>\n<\/div>[vc_empty_space height=&#8221;50px&#8221;][\/vc_column_inner][vc_column_inner width=&#8221;1\/6&#8243; offset=&#8221;vc_col-lg-2 vc_col-md-1&#8243;]<div class=\"mkdf-team-holder mkdf-team-info-below-image\">\n\t<div class=\"mkdf-team-inner\">\n\t\t\t\t\t<div class=\"mkdf-team-image\">\n                <img width=\"600\" height=\"819\" src=\"https:\/\/dcsp.com.br\/wp-content\/uploads\/2021\/05\/06.jpg\" class=\"attachment-full size-full\" alt=\"\" loading=\"lazy\" srcset=\"https:\/\/dcsp.com.br\/wp-content\/uploads\/2021\/05\/06.jpg 600w, https:\/\/dcsp.com.br\/wp-content\/uploads\/2021\/05\/06-220x300.jpg 220w\" sizes=\"(max-width: 600px) 100vw, 600px\" \/>\t\t\t\t\t\t\t<\/div>\n\t\t\t\t<div class=\"mkdf-team-info\">\n\t\t\t\t\t\t\t<h6 class=\"mkdf-team-position\" style=\"color: #ed1d24\">Vice Presidente<\/h6>\n\t\t\t\t\t\t\t\t\t\t<h4 class=\"mkdf-team-name\" style=\"color: #000000\">Vitor Marinho (Duc Desmo)<\/h4>\n\t\t\t\t\t\t\t\t\t\t\t\t\t\t\t\t<div class=\"mkdf-team-textual-social-holder\">\n\t\t\t\t\t\t\t\t\t\t\t\t\t\t\t\t\t\t\t\t\t\t\t\t\t\t\t\t\t<\/div>\n\t\t\t\t\t<\/div>\n\t<\/div>\n<\/div>[vc_empty_space height=&#8221;50px&#8221;][\/vc_column_inner][vc_column_inner width=&#8221;1\/6&#8243; offset=&#8221;vc_col-lg-2 vc_col-md-1&#8243;]<div class=\"mkdf-team-holder mkdf-team-info-below-image\">\n\t<div class=\"mkdf-team-inner\">\n\t\t\t\t\t<div class=\"mkdf-team-image\">\n                <img width=\"600\" height=\"819\" src=\"https:\/\/dcsp.com.br\/wp-content\/uploads\/2021\/05\/05.jpg\" class=\"attachment-full size-full\" alt=\"\" loading=\"lazy\" srcset=\"https:\/\/dcsp.com.br\/wp-content\/uploads\/2021\/05\/05.jpg 600w, https:\/\/dcsp.com.br\/wp-content\/uploads\/2021\/05\/05-220x300.jpg 220w\" sizes=\"(max-width: 600px) 100vw, 600px\" \/>\t\t\t\t\t\t\t<\/div>\n\t\t\t\t<div class=\"mkdf-team-info\">\n\t\t\t\t\t\t\t<h6 class=\"mkdf-team-position\" style=\"color: #ed1d24\">Diretor<\/h6>\n\t\t\t\t\t\t\t\t\t\t<h4 class=\"mkdf-team-name\" style=\"color: #000000\">Daniel Miglorancia<\/h4>\n\t\t\t\t\t\t\t\t\t\t\t\t\t\t\t\t<div class=\"mkdf-team-textual-social-holder\">\n\t\t\t\t\t\t\t\t\t\t\t<a class=\"mkdf-team-icon\" href=\"https:\/\/www.instagram.com\/dmigloranza\/\"  target=\"_self\">IN<\/a>\n\t\t\t\t\t\t\t\t\t\t\t\t\t\t\t\t\t\t\t\t\t\t\t\t\t\t\t\t\t<\/div>\n\t\t\t\t\t<\/div>\n\t<\/div>\n<\/div>[vc_empty_space height=&#8221;50px&#8221;][\/vc_column_inner][vc_column_inner width=&#8221;1\/6&#8243; offset=&#8221;vc_col-lg-2 vc_col-md-1&#8243;]<div class=\"mkdf-team-holder mkdf-team-info-below-image\">\n\t<div class=\"mkdf-team-inner\">\n\t\t\t\t\t<div class=\"mkdf-team-image\">\n                <img width=\"600\" height=\"819\" src=\"https:\/\/dcsp.com.br\/wp-content\/uploads\/2021\/05\/03.jpg\" class=\"attachment-full size-full\" alt=\"\" loading=\"lazy\" srcset=\"https:\/\/dcsp.com.br\/wp-content\/uploads\/2021\/05\/03.jpg 600w, https:\/\/dcsp.com.br\/wp-content\/uploads\/2021\/05\/03-220x300.jpg 220w\" sizes=\"(max-width: 600px) 100vw, 600px\" \/>\t\t\t\t\t\t\t<\/div>\n\t\t\t\t<div class=\"mkdf-team-info\">\n\t\t\t\t\t\t\t<h6 class=\"mkdf-team-position\" style=\"color: #ed1d24\">Tesoureiro<\/h6>\n\t\t\t\t\t\t\t\t\t\t<h4 class=\"mkdf-team-name\" style=\"color: #000000\">Sebasti\u00e1n Roch\u00f3n<\/h4>\n\t\t\t\t\t\t\t\t\t\t\t\t\t\t\t\t<div class=\"mkdf-team-textual-social-holder\">\n\t\t\t\t\t\t\t\t\t\t\t<a class=\"mkdf-team-icon\" href=\"https:\/\/www.facebook.com\/sebastian.rochon\"  target=\"_blank\">FB<\/a>\n\t\t\t\t\t\t\t\t\t\t\t\t\t\t\t\t<a class=\"mkdf-team-icon\" href=\"https:\/\/twitter.com\/sebarochon\"  target=\"_blank\">TW<\/a>\n\t\t\t\t\t\t\t\t\t\t\t\t\t\t\t\t<a class=\"mkdf-team-icon\" href=\"https:\/\/www.instagram.com\/ururacing\/\"  target=\"_blank\">IN<\/a>\n\t\t\t\t\t\t\t\t\t\t\t\t\t\t\t\t<a class=\"mkdf-team-icon\" href=\"https:\/\/srcorse.com.br\/\"  target=\"_self\">SR<\/a>\n\t\t\t\t\t\t\t\t\t\t\t\t\t\t<\/div>\n\t\t\t\t\t<\/div>\n\t<\/div>\n<\/div>[vc_empty_space height=&#8221;50px&#8221;][\/vc_column_inner][vc_column_inner width=&#8221;1\/6&#8243; offset=&#8221;vc_col-lg-2 vc_col-md-1&#8243;]<div class=\"mkdf-team-holder mkdf-team-info-below-image\">\n\t<div class=\"mkdf-team-inner\">\n\t\t\t\t\t<div class=\"mkdf-team-image\">\n                <img width=\"600\" height=\"819\" src=\"https:\/\/dcsp.com.br\/wp-content\/uploads\/2021\/04\/monica.png\" class=\"attachment-full size-full\" alt=\"\" loading=\"lazy\" srcset=\"https:\/\/dcsp.com.br\/wp-content\/uploads\/2021\/04\/monica.png 600w, https:\/\/dcsp.com.br\/wp-content\/uploads\/2021\/04\/monica-220x300.png 220w\" sizes=\"(max-width: 600px) 100vw, 600px\" \/>\t\t\t\t\t\t\t<\/div>\n\t\t\t\t<div class=\"mkdf-team-info\">\n\t\t\t\t\t\t\t<h6 class=\"mkdf-team-position\" style=\"color: #ed1d24\">Delegada<\/h6>\n\t\t\t\t\t\t\t\t\t\t<h4 class=\"mkdf-team-name\" style=\"color: #000000\">M\u00f4nica Niculitcheff<\/h4>\n\t\t\t\t\t\t\t\t\t\t\t\t\t\t\t\t<div class=\"mkdf-team-textual-social-holder\">\n\t\t\t\t\t\t\t\t\t\t\t<a class=\"mkdf-team-icon\" href=\"https:\/\/www.facebook.com\/monica.niculitcheff\/\"  target=\"_blank\">FB<\/a>\n\t\t\t\t\t\t\t\t\t\t\t\t\t\t\t\t<a class=\"mkdf-team-icon\" href=\"https:\/\/www.instagram.com\/monicaniculitcheff\/\"  target=\"_blank\">IN<\/a>\n\t\t\t\t\t\t\t\t\t\t\t\t\t\t\t\t\t\t\t\t\t\t\t\t<\/div>\n\t\t\t\t\t<\/div>\n\t<\/div>\n<\/div>[vc_empty_space height=&#8221;50px&#8221;][\/vc_column_inner][vc_column_inner width=&#8221;1\/6&#8243;]<div class=\"mkdf-team-holder mkdf-team-info-below-image\">\n\t<div class=\"mkdf-team-inner\">\n\t\t\t\t\t<div class=\"mkdf-team-image\">\n                <img width=\"600\" height=\"819\" src=\"https:\/\/dcsp.com.br\/wp-content\/uploads\/2021\/05\/04.jpg\" class=\"attachment-full size-full\" alt=\"\" loading=\"lazy\" srcset=\"https:\/\/dcsp.com.br\/wp-content\/uploads\/2021\/05\/04.jpg 600w, https:\/\/dcsp.com.br\/wp-content\/uploads\/2021\/05\/04-220x300.jpg 220w\" sizes=\"(max-width: 600px) 100vw, 600px\" \/>\t\t\t\t\t\t\t<\/div>\n\t\t\t\t<div class=\"mkdf-team-info\">\n\t\t\t\t\t\t\t<h6 class=\"mkdf-team-position\" style=\"color: #ed1d24\">Mentor<\/h6>\n\t\t\t\t\t\t\t\t\t\t<h4 class=\"mkdf-team-name\" style=\"color: #000000\">Yrio<\/h4>\n\t\t\t\t\t\t\t\t\t\t\t\t\t\t\t\t<div class=\"mkdf-team-textual-social-holder\">\n\t\t\t\t\t\t\t\t\t\t\t<a class=\"mkdf-team-icon\" href=\"https:\/\/www.facebook.com\/YrioAzevedo\"  target=\"_self\">FB<\/a>\n\t\t\t\t\t\t\t\t\t\t\t\t\t\t\t\t<a class=\"mkdf-team-icon\" href=\"https:\/\/www.instagram.com\/yrio_69\/\"  target=\"_self\">IN<\/a>\n\t\t\t\t\t\t\t\t\t\t\t\t\t\t\t\t\t\t\t\t\t\t\t\t<\/div>\n\t\t\t\t\t<\/div>\n\t<\/div>\n<\/div>[vc_empty_space height=&#8221;50px&#8221;][\/vc_column_inner][\/vc_row_inner][\/vc_column][\/vc_row][vc_row disable_background_image=&#8221;&#8221; css=&#8221;.vc_custom_1617715375079{background-image: url(http:\/\/dcsp.com.br\/wp-content\/uploads\/2021\/03\/fundo_provisorio2.jpg?id=2743) !important;background-position: center !important;background-repeat: no-repeat !important;background-size: cover !important;}&#8221;][vc_column css=&#8221;.vc_custom_1568208328522{padding-top: 130px !important;padding-bottom: 127px !important;}&#8221;]<div class=\"mkdf-testimonials-holder clearfix mkdf-testimonials-standard mkdf-testimonials-light\">\n    <div class=\"mkdf-testimonials mkdf-owl-slider\" data-enable-loop=\"yes\" data-enable-autoplay=\"yes\" data-slider-speed=\"5000\" data-slider-speed-animation=\"600\" data-enable-navigation=\"yes\" data-enable-pagination=\"no\">\n\n    \n            <div class=\"mkdf-testimonial-content\" id=\"mkdf-testimonials-248\">\n\t            \t\t            <div class=\"mkdf-testimonial-image\">\n\t\t\t            <img width=\"80\" height=\"80\" src=\"https:\/\/dcsp.com.br\/wp-content\/uploads\/2021\/05\/02-150x150.jpg\" class=\"attachment-80x80 size-80x80 wp-post-image\" alt=\"\" loading=\"lazy\" \/>\t\t            <\/div>\n\t                            <div class=\"mkdf-testimonial-text-holder\">\n                                            <h3 itemprop=\"name\" class=\"mkdf-testimonial-title entry-title\">Fa\u00e7a parte do DUCATI CLUBE DE S\u00c3O PAULO, DCSP  voc\u00ea poder\u00e1 participar dos eventos organizados pelo clube, como encontros e passeios de moto, reuni\u00f5es, track-days, viagens e muito mais.<\/h3>\n                                                                                    <div class=\"mkdf-testimonial-author\">\n                            \t                            <span class=\"mkdf-testimonials-author-job\">Presidente<\/span>\n                            \t                        <h5 class=\"mkdf-testimonials-author-name\">Halex Amorim<\/h5>\n                        <\/div>\n                                    <\/div>\n            <\/div>\n\n    \n    <\/div>\n<\/div>[\/vc_column][\/vc_row]<\/p>\n","protected":false},"excerpt":{"rendered":"<p> [&hellip;]<\/p>\n","protected":false},"author":1,"featured_media":0,"parent":0,"menu_order":0,"comment_status":"closed","ping_status":"closed","template":"full-width.php","meta":[],"_links":{"self":[{"href":"https:\/\/dcsp.com.br\/index.php\/wp-json\/wp\/v2\/pages\/865"}],"collection":[{"href":"https:\/\/dcsp.com.br\/index.php\/wp-json\/wp\/v2\/pages"}],"about":[{"href":"https:\/\/dcsp.com.br\/index.php\/wp-json\/wp\/v2\/types\/page"}],"author":[{"embeddable":true,"href":"https:\/\/dcsp.com.br\/index.php\/wp-json\/wp\/v2\/users\/1"}],"replies":[{"embeddable":true,"href":"https:\/\/dcsp.com.br\/index.php\/wp-json\/wp\/v2\/comments?post=865"}],"version-history":[{"count":52,"href":"https:\/\/dcsp.com.br\/index.php\/wp-json\/wp\/v2\/pages\/865\/revisions"}],"predecessor-version":[{"id":3202,"href":"https:\/\/dcsp.com.br\/index.php\/wp-json\/wp\/v2\/pages\/865\/revisions\/3202"}],"wp:attachment":[{"href":"https:\/\/dcsp.com.br\/index.php\/wp-json\/wp\/v2\/media?parent=865"}],"curies":[{"name":"wp","href":"https:\/\/api.w.org\/{rel}","templated":true}]}}