{"id":1297,"date":"2019-09-13T11:54:46","date_gmt":"2019-09-13T14:54:46","guid":{"rendered":"https:\/\/grandprix.qodeinteractive.com\/?page_id=1297"},"modified":"2021-04-19T13:52:26","modified_gmt":"2021-04-19T16:52:26","slug":"facaparte","status":"publish","type":"page","link":"https:\/\/dcsp.com.br\/index.php\/facaparte\/","title":{"rendered":"Fa\u00e7a Parte"},"content":{"rendered":"<p>[vc_row row_content_width=&#8221;grid&#8221; disable_background_image=&#8221;&#8221; vertical_lines=&#8221;yes&#8221; css=&#8221;.vc_custom_1569333950981{padding-top: 120px !important;}&#8221;][vc_column css=&#8221;.vc_custom_1568645480959{padding-top: 0px !important;padding-bottom: 122px !important;}&#8221;][vc_row_inner row_content_width=&#8221;grid&#8221;][vc_column_inner]<div class=\"mkdf-elements-holder   mkdf-one-column  mkdf-responsive-mode-768 \" ><div class=\"mkdf-eh-item    \"  data-item-class=\"mkdf-eh-custom-1196\" data-769-1024=\"7px 0 0 0\" data-681-768=\"7px 0 0 0\" data-680=\"7px 0 0 0\">\n\t<div class=\"mkdf-eh-item-inner\">\n\t\t<div class=\"mkdf-eh-item-content mkdf-eh-custom-1196\" style=\"padding: 77px 0 0 0\">\n\t\t\t<div class=\"mkdf-item-showcase-holder clearfix\"><div class=\"mkdf-is-item mkdf-is-left\">\n\t<div class=\"mkdf-is-content\">\n\t\t\t\t\t<h4 class=\"mkdf-is-title\" >\n\t\t\t\t\t\t\t\tDCSP\t\t\t\t\t\t\t<\/h4>\n\t\t\t\t\t\t\t<p class=\"mkdf-is-text\" >Para propriet\u00e1rios e simpatizantes (com crit\u00e9rios de admiss\u00e3o) da Ducati, e outras motos com motores desmodr\u00f4micos.<\/p>\n\t\t\t<\/div>\n\t<\/div><div class=\"mkdf-is-item mkdf-is-left\">\n\t<div class=\"mkdf-is-content\">\n\t\t\t\t\t<h4 class=\"mkdf-is-title\" >\n\t\t\t\t\t\t\t\tO Mundo DOC\t\t\t\t\t\t\t<\/h4>\n\t\t\t\t\t\t\t<p class=\"mkdf-is-text\" >O mundo do DOC (Desmo Owners Club) \u00e9 a melhor maneira de voc\u00ea aproveitar a excita\u00e7\u00e3o que voc\u00ea tem de sua Ducati.<\/p>\n\t\t\t<\/div>\n\t<\/div><div class=\"mkdf-is-item mkdf-is-left\">\n\t<div class=\"mkdf-is-content\">\n\t\t\t\t\t<h4 class=\"mkdf-is-title\" >\n\t\t\t\t\t\t\t\tCompartilhe\t\t\t\t\t\t\t<\/h4>\n\t\t\t\t\t\t\t<p class=\"mkdf-is-text\" >Atrav\u00e9s dos Clubes Oficiais, voc\u00ea encontrar\u00e1 pessoas que compartilham sua paix\u00e3o Desmodr\u00f4mica<\/p>\n\t\t\t<\/div>\n\t<\/div><div class=\"mkdf-is-item mkdf-is-right\">\n\t<div class=\"mkdf-is-content\">\n\t\t\t\t\t<h4 class=\"mkdf-is-title\" >\n\t\t\t\t\t\t\t\tSeguran\u00e7a\t\t\t\t\t\t\t<\/h4>\n\t\t\t\t\t\t\t<p class=\"mkdf-is-text\" >E estar\u00e1 seguro que, em qualquer lugar do mundo que suas viagens te levarem, sempre ter\u00e1 um amigo para te receber.<\/p>\n\t\t\t<\/div>\n\t<\/div><div class=\"mkdf-is-item mkdf-is-right\">\n\t<div class=\"mkdf-is-content\">\n\t\t\t\t\t<h4 class=\"mkdf-is-title\" >\n\t\t\t\t\t\t\t\tTratamento Especial\t\t\t\t\t\t\t<\/h4>\n\t\t\t\t\t\t\t<p class=\"mkdf-is-text\" >J\u00e1 existem mais de 300 clubes ao redor do mundo, e os membros DOC recebem tratamento especial em todos os eventos Ducati.<\/p>\n\t\t\t<\/div>\n\t<\/div><div class=\"mkdf-is-item mkdf-is-right\">\n\t<div class=\"mkdf-is-content\">\n\t\t\t\t\t<h4 class=\"mkdf-is-title\" >\n\t\t\t\t\t\t\t\tBenef\u00edcios\t\t\t\t\t\t\t<\/h4>\n\t\t\t\t\t\t\t<p class=\"mkdf-is-text\" >E tem o benef\u00edcio de visitas exclusivas \u00e0 fabrica e ao museu.<\/p>\n\t\t\t<\/div>\n\t<\/div><div class=\"mkdf-is-image\" style=\"margin-top: -67px\"><img width=\"511\" height=\"511\" src=\"https:\/\/dcsp.com.br\/wp-content\/uploads\/2021\/03\/facaparte.jpg\" class=\"attachment-full size-full\" alt=\"\" loading=\"lazy\" srcset=\"https:\/\/dcsp.com.br\/wp-content\/uploads\/2021\/03\/facaparte.jpg 511w, https:\/\/dcsp.com.br\/wp-content\/uploads\/2021\/03\/facaparte-300x300.jpg 300w, https:\/\/dcsp.com.br\/wp-content\/uploads\/2021\/03\/facaparte-150x150.jpg 150w\" sizes=\"(max-width: 511px) 100vw, 511px\" \/><\/div><\/div>\t\t<\/div>\n\t<\/div>\n<\/div><\/div>[vc_empty_space][\/vc_column_inner][\/vc_row_inner]<div class=\"mkdf-section-title-holder  mkdf-st-split  mkdf-has-appear-animation\" style=\"padding: 0 10%\">\n\t<div class=\"mkdf-st-inner\">\n\t\t\t\t\t\t<h4 class=\"mkdf-st-title\" >\n\t\t\t\t\t\t\t\t\t<span class=\"mkdf-sts-title-text\">Fa\u00e7a parte do DUCATI CLUBE DE S\u00c3O PAULO, participe dos eventos organizados pelo clube, como encontros e passeios de moto, reuni\u00f5es, track-days, viagens e muito mais.<\/span>\n\t\t\t\t\t<span class=\"mkdf-sts-separator\" ><\/span>\n\t\t\t\t\t\t\t<\/h4>\n\t\t\t\t\t\t\t<\/div>\n<\/div>[\/vc_column][\/vc_row][vc_row content_placement=&#8221;middle&#8221; row_content_width=&#8221;grid&#8221; disable_background_image=&#8221;&#8221; vertical_lines=&#8221;yes&#8221; css=&#8221;.vc_custom_1568386484863{padding-top: 80px !important;padding-bottom: 60px !important;}&#8221;][vc_column offset=&#8221;vc_col-lg-6 vc_col-md-12 vc_col-xs-12&#8243;]<div class=\"mkdf-single-image-holder   \">\n    <div class=\"mkdf-si-inner\" >\n                                    <img width=\"635\" height=\"635\" src=\"https:\/\/dcsp.com.br\/wp-content\/uploads\/2021\/04\/Untitled-1-4.png\" class=\"attachment-full size-full\" alt=\"\" loading=\"lazy\" srcset=\"https:\/\/dcsp.com.br\/wp-content\/uploads\/2021\/04\/Untitled-1-4.png 635w, https:\/\/dcsp.com.br\/wp-content\/uploads\/2021\/04\/Untitled-1-4-300x300.png 300w, https:\/\/dcsp.com.br\/wp-content\/uploads\/2021\/04\/Untitled-1-4-150x150.png 150w\" sizes=\"(max-width: 635px) 100vw, 635px\" \/>                        <\/div>\n<\/div>[vc_empty_space height=&#8221;70&#8243;][\/vc_column][vc_column css=&#8221;.vc_custom_1568386386823{padding-right: 7% !important;padding-left: 7% !important;}&#8221; offset=&#8221;vc_col-lg-6 vc_col-md-12 vc_col-xs-12&#8243;]<div role=\"form\" class=\"wpcf7\" id=\"wpcf7-f420-o1\" lang=\"en-US\" dir=\"ltr\">\n<div class=\"screen-reader-response\"><p role=\"status\" aria-live=\"polite\" aria-atomic=\"true\"><\/p> <ul><\/ul><\/div>\n<form action=\"\/index.php\/wp-json\/wp\/v2\/pages\/1297#wpcf7-f420-o1\" method=\"post\" class=\"wpcf7-form init\" novalidate=\"novalidate\" data-status=\"init\">\n<div style=\"display: none;\">\n<input type=\"hidden\" name=\"_wpcf7\" value=\"420\" \/>\n<input type=\"hidden\" name=\"_wpcf7_version\" value=\"5.4.1\" \/>\n<input type=\"hidden\" name=\"_wpcf7_locale\" value=\"en_US\" \/>\n<input type=\"hidden\" name=\"_wpcf7_unit_tag\" value=\"wpcf7-f420-o1\" \/>\n<input type=\"hidden\" name=\"_wpcf7_container_post\" value=\"0\" \/>\n<input type=\"hidden\" name=\"_wpcf7_posted_data_hash\" value=\"\" \/>\n<\/div>\n<div class=\"mkdf-cf7-custom-style\">\n<label> Seu nome<br \/>\n    <span class=\"wpcf7-form-control-wrap your-name\"><input type=\"text\" name=\"your-name\" value=\"\" size=\"40\" class=\"wpcf7-form-control wpcf7-text wpcf7-validates-as-required\" aria-required=\"true\" aria-invalid=\"false\" \/><\/span> <\/label><br \/>\n<label> Seu e-mail<br \/>\n    <span class=\"wpcf7-form-control-wrap your-email\"><input type=\"email\" name=\"your-email\" value=\"\" size=\"40\" class=\"wpcf7-form-control wpcf7-text wpcf7-email wpcf7-validates-as-required wpcf7-validates-as-email\" aria-required=\"true\" aria-invalid=\"false\" \/><\/span> <\/label><br \/>\n<label> Sua mensagem<br \/>\n    <span class=\"wpcf7-form-control-wrap your-message\"><textarea name=\"your-message\" cols=\"40\" rows=\"5\" class=\"wpcf7-form-control wpcf7-textarea\" aria-invalid=\"false\"><\/textarea><\/span> <\/label><button type=\"submit\" class=\"wpcf7-form-control wpcf7-submit mkdf-btn mkdf-btn-medium mkdf-btn-solid\"><span class=\"mkdf-btn-text\">Enviar<\/span><\/button>\n<\/div>\n<div class=\"wpcf7-response-output\" aria-hidden=\"true\"><\/div><\/form><\/div>[vc_empty_space height=&#8221;70&#8243;][\/vc_column][\/vc_row]<\/p>\n","protected":false},"excerpt":{"rendered":"<p> [&hellip;]<\/p>\n","protected":false},"author":1,"featured_media":0,"parent":0,"menu_order":0,"comment_status":"closed","ping_status":"closed","template":"full-width.php","meta":[],"_links":{"self":[{"href":"https:\/\/dcsp.com.br\/index.php\/wp-json\/wp\/v2\/pages\/1297"}],"collection":[{"href":"https:\/\/dcsp.com.br\/index.php\/wp-json\/wp\/v2\/pages"}],"about":[{"href":"https:\/\/dcsp.com.br\/index.php\/wp-json\/wp\/v2\/types\/page"}],"author":[{"embeddable":true,"href":"https:\/\/dcsp.com.br\/index.php\/wp-json\/wp\/v2\/users\/1"}],"replies":[{"embeddable":true,"href":"https:\/\/dcsp.com.br\/index.php\/wp-json\/wp\/v2\/comments?post=1297"}],"version-history":[{"count":8,"href":"https:\/\/dcsp.com.br\/index.php\/wp-json\/wp\/v2\/pages\/1297\/revisions"}],"predecessor-version":[{"id":3097,"href":"https:\/\/dcsp.com.br\/index.php\/wp-json\/wp\/v2\/pages\/1297\/revisions\/3097"}],"wp:attachment":[{"href":"https:\/\/dcsp.com.br\/index.php\/wp-json\/wp\/v2\/media?parent=1297"}],"curies":[{"name":"wp","href":"https:\/\/api.w.org\/{rel}","templated":true}]}}